{"id":73,"date":"2019-12-04T13:09:56","date_gmt":"2019-12-04T13:09:56","guid":{"rendered":"https:\/\/themes.muffingroup.com\/be\/security3\/?page_id=14"},"modified":"2025-11-19T14:23:22","modified_gmt":"2025-11-19T14:23:22","slug":"carreiras","status":"publish","type":"page","link":"https:\/\/rofaalton.ao\/en\/carreiras\/","title":{"rendered":"CAREERS"},"content":{"rendered":"<div data-elementor-type=\"wp-page\" data-elementor-id=\"73\" class=\"elementor elementor-73\" data-elementor-post-type=\"page\">\n\t\t\t\t<div class=\"elementor-element elementor-element-77534c5 e-flex e-con-boxed e-con e-parent\" data-id=\"77534c5\" data-element_type=\"container\" data-settings=\"{&quot;background_background&quot;:&quot;classic&quot;}\">\n\t\t\t\t\t<div class=\"e-con-inner\">\n\t\t\t\t<div class=\"elementor-element elementor-element-c566b50 elementor-widget elementor-widget-heading\" data-id=\"c566b50\" data-element_type=\"widget\" data-widget_type=\"heading.default\">\n\t\t\t\t\t<h2 class=\"elementor-heading-title elementor-size-default\">Careers<\/h2>\t\t\t\t<\/div>\n\t\t\t\t\t<\/div>\n\t\t\t\t<\/div>\n\t\t<div class=\"elementor-element elementor-element-3833635 e-flex e-con-boxed e-con e-parent\" data-id=\"3833635\" data-element_type=\"container\" data-settings=\"{&quot;background_background&quot;:&quot;classic&quot;}\">\n\t\t\t\t\t<div class=\"e-con-inner\">\n\t\t\t\t<div class=\"elementor-element elementor-element-07e1068 elementor-icon-list--layout-inline elementor-align-start elementor-list-item-link-full_width elementor-widget elementor-widget-icon-list\" data-id=\"07e1068\" data-element_type=\"widget\" data-widget_type=\"icon-list.default\">\n\t\t\t\t\t\t\t<ul class=\"elementor-icon-list-items elementor-inline-items\">\n\t\t\t\t\t\t\t<li class=\"elementor-icon-list-item elementor-inline-item\">\n\t\t\t\t\t\t\t\t\t\t\t<a href=\"https:\/\/rofaalton.ao\/en\/\">\n\n\t\t\t\t\t\t\t\t\t\t\t<span class=\"elementor-icon-list-text\">Home |<\/span>\n\t\t\t\t\t\t\t\t\t\t\t<\/a>\n\t\t\t\t\t\t\t\t\t<\/li>\n\t\t\t\t\t\t\t\t<li class=\"elementor-icon-list-item elementor-inline-item\">\n\t\t\t\t\t\t\t\t\t\t<span class=\"elementor-icon-list-text\">Careers<\/span>\n\t\t\t\t\t\t\t\t\t<\/li>\n\t\t\t\t\t\t<\/ul>\n\t\t\t\t\t\t<\/div>\n\t\t\t\t\t<\/div>\n\t\t\t\t<\/div>\n\t\t<div class=\"elementor-element elementor-element-b500301 e-flex e-con-boxed e-con e-parent\" data-id=\"b500301\" data-element_type=\"container\" data-settings=\"{&quot;background_background&quot;:&quot;classic&quot;}\">\n\t\t\t\t\t<div class=\"e-con-inner\">\n\t\t\t\t<div class=\"elementor-element elementor-element-a6d3cda animated-slow elementor-invisible elementor-widget elementor-widget-heading\" data-id=\"a6d3cda\" data-element_type=\"widget\" data-settings=\"{&quot;_animation&quot;:&quot;fadeIn&quot;}\" data-widget_type=\"heading.default\">\n\t\t\t\t\t<h2 class=\"elementor-heading-title elementor-size-default\">We want you to be a part of ROFAALTON<\/h2>\t\t\t\t<\/div>\n\t\t\t\t<div class=\"elementor-element elementor-element-4689dfd animated-slow elementor-invisible elementor-widget elementor-widget-heading\" data-id=\"4689dfd\" data-element_type=\"widget\" data-settings=\"{&quot;_animation&quot;:&quot;fadeIn&quot;}\" data-widget_type=\"heading.default\">\n\t\t\t\t\t<h2 class=\"elementor-heading-title elementor-size-default\">Join our team!\nWelcome to our careers section! If you are passionate about protecting and serving, join our team and make a difference in the community.<\/h2>\t\t\t\t<\/div>\n\t\t\t\t\t<\/div>\n\t\t\t\t<\/div>\n\t\t<div class=\"elementor-element elementor-element-f1848cf e-flex e-con-boxed e-con e-parent\" data-id=\"f1848cf\" data-element_type=\"container\">\n\t\t\t\t\t<div class=\"e-con-inner\">\n\t\t\t\t<div class=\"elementor-element elementor-element-aeb6ad1 animated-slow elementor-button-align-start elementor-invisible elementor-widget elementor-widget-form\" data-id=\"aeb6ad1\" data-element_type=\"widget\" data-settings=\"{&quot;step_next_label&quot;:&quot;Next&quot;,&quot;step_previous_label&quot;:&quot;Previous&quot;,&quot;_animation&quot;:&quot;fadeIn&quot;,&quot;button_width&quot;:&quot;100&quot;,&quot;step_type&quot;:&quot;number_text&quot;,&quot;step_icon_shape&quot;:&quot;circle&quot;}\" data-widget_type=\"form.default\">\n\t\t\t\t\t\t\t<form class=\"elementor-form\" method=\"post\" name=\"New Form\" aria-label=\"New Form\" novalidate=\"\" action=\"\">\n\t\t\t<input type=\"hidden\" name=\"post_id\" value=\"73\"\/>\n\t\t\t<input type=\"hidden\" name=\"form_id\" value=\"aeb6ad1\"\/>\n\t\t\t<input type=\"hidden\" name=\"referer_title\" value=\"CARREIRAS - Rofaalton\" \/>\n\n\t\t\t\t\t\t\t<input type=\"hidden\" name=\"queried_id\" value=\"73\"\/>\n\t\t\t\n\t\t\t<div class=\"elementor-form-fields-wrapper elementor-labels-above\">\n\t\t\t\t\t\t\t\t<div class=\"elementor-field-type-text elementor-field-group elementor-column elementor-field-group-name elementor-col-100\">\n\t\t\t\t\t\t\t\t\t\t\t\t<label for=\"form-field-name\" class=\"elementor-field-label\">\n\t\t\t\t\t\t\t\tName\t\t\t\t\t\t\t<\/label>\n\t\t\t\t\t\t\t\t\t\t\t\t\t\t<input size=\"1\" type=\"text\" name=\"form_fields[name]\" id=\"form-field-name\" class=\"elementor-field elementor-size-sm  elementor-field-textual\">\n\t\t\t\t\t\t\t\t\t\t\t<\/div>\n\t\t\t\t\t\t\t\t<div class=\"elementor-field-type-email elementor-field-group elementor-column elementor-field-group-email elementor-col-100 elementor-field-required\">\n\t\t\t\t\t\t\t\t\t\t\t\t<label for=\"form-field-email\" class=\"elementor-field-label\">\n\t\t\t\t\t\t\t\tEmail\t\t\t\t\t\t\t<\/label>\n\t\t\t\t\t\t\t\t\t\t\t\t\t\t<input size=\"1\" type=\"email\" name=\"form_fields[email]\" id=\"form-field-email\" class=\"elementor-field elementor-size-sm  elementor-field-textual\" required=\"required\">\n\t\t\t\t\t\t\t\t\t\t\t<\/div>\n\t\t\t\t\t\t\t\t<div class=\"elementor-field-type-tel elementor-field-group elementor-column elementor-field-group-field_bba1427 elementor-col-100\">\n\t\t\t\t\t\t\t\t\t\t\t\t<label for=\"form-field-field_bba1427\" class=\"elementor-field-label\">\n\t\t\t\t\t\t\t\tTelephone\t\t\t\t\t\t\t<\/label>\n\t\t\t\t\t\t\t\t<input size=\"1\" type=\"tel\" name=\"form_fields[field_bba1427]\" id=\"form-field-field_bba1427\" class=\"elementor-field elementor-size-sm  elementor-field-textual\" pattern=\"[0-9()#&amp;+*-=.]+\" title=\"Only numbers and phone characters (#, -, *, etc) are accepted.\" data-no-translation-title=\"\">\n\n\t\t\t\t\t\t<\/div>\n\t\t\t\t\t\t\t\t<div class=\"elementor-field-type-upload elementor-field-group elementor-column elementor-field-group-field_b9d1d26 elementor-col-100 elementor-field-required\">\n\t\t\t\t\t\t\t\t\t\t\t\t<label for=\"form-field-field_b9d1d26\" class=\"elementor-field-label\">\n\t\t\t\t\t\t\t\tCurriculum\t\t\t\t\t\t\t<\/label>\n\t\t\t\t\t\t\t\t<input type=\"file\" name=\"form_fields[field_b9d1d26]\" id=\"form-field-field_b9d1d26\" class=\"elementor-field elementor-size-sm  elementor-upload-field\" required=\"required\">\n\n\t\t\t\t\t\t<\/div>\n\t\t\t\t\t\t\t\t<div class=\"elementor-field-type-textarea elementor-field-group elementor-column elementor-field-group-message elementor-col-100\">\n\t\t\t\t\t\t\t\t\t\t\t\t<label for=\"form-field-message\" class=\"elementor-field-label\">\n\t\t\t\t\t\t\t\tMessage\t\t\t\t\t\t\t<\/label>\n\t\t\t\t\t\t<textarea class=\"elementor-field-textual elementor-field  elementor-size-sm\" name=\"form_fields[message]\" id=\"form-field-message\" rows=\"4\"><\/textarea>\t\t\t\t<\/div>\n\t\t\t\t\t\t\t\t<div class=\"elementor-field-group elementor-column elementor-field-type-submit elementor-col-100 e-form__buttons\">\n\t\t\t\t\t<button class=\"elementor-button elementor-size-sm elementor-animation-grow\" type=\"submit\">\n\t\t\t\t\t\t<span class=\"elementor-button-content-wrapper\">\n\t\t\t\t\t\t\t\t\t\t\t\t\t\t\t\t\t\t\t\t\t\t<span class=\"elementor-button-text\">TO SEND<\/span>\n\t\t\t\t\t\t\t\t\t\t\t\t\t<\/span>\n\t\t\t\t\t<\/button>\n\t\t\t\t<\/div>\n\t\t\t<\/div>\n\t\t<input type=\"hidden\" name=\"trp-form-language\" value=\"en\"\/><\/form>\n\t\t\t\t\t\t<\/div>\n\t\t\t\t\t<\/div>\n\t\t\t\t<\/div>\n\t\t\t\t<\/div>","protected":false},"excerpt":{"rendered":"<p>Carreiras Home | Carreiras Queremos que fa\u00e7a parte da ROFAALTON Junte-se \u00e0 nossa equipa! Bem-vindo \u00e0 nossa sec\u00e7\u00e3o de carreiras! Se \u00e9 apaixonado por proteger e servir, junte-se \u00e0 nossa equipa e fa\u00e7a a diferen\u00e7a na comunidade.<\/p>","protected":false},"author":1,"featured_media":0,"parent":0,"menu_order":0,"comment_status":"open","ping_status":"closed","template":"elementor_header_footer","meta":{"footnotes":""},"class_list":["post-73","page","type-page","status-publish","hentry"],"yoast_head":"<!-- This site is optimized with the Yoast SEO Premium plugin v22.5 (Yoast SEO v26.4) - https:\/\/yoast.com\/wordpress\/plugins\/seo\/ -->\n<title>CARREIRAS - Rofaalton<\/title>\n<meta name=\"description\" content=\"Agencia de seguran\u00e7a rofaalton\" \/>\n<meta name=\"robots\" content=\"index, follow, max-snippet:-1, max-image-preview:large, max-video-preview:-1\" \/>\n<link rel=\"canonical\" href=\"https:\/\/rofaalton.ao\/en\/carreiras\/\" \/>\n<meta property=\"og:locale\" content=\"en_US\" \/>\n<meta property=\"og:type\" content=\"article\" \/>\n<meta property=\"og:title\" content=\"CARREIRAS Agencia de seguran\u00e7a rofaalton\" \/>\n<meta property=\"og:description\" content=\"Agencia de seguran\u00e7a rofaalton\" \/>\n<meta property=\"og:url\" content=\"https:\/\/rofaalton.ao\/en\/carreiras\/\" \/>\n<meta property=\"og:site_name\" content=\"Rofaalton\" \/>\n<meta property=\"article:publisher\" content=\"https:\/\/www.facebook.com\/profile.php?id=61558823670247&amp;mibextid=LQQJ4d\" \/>\n<meta property=\"article:modified_time\" content=\"2025-11-19T14:23:22+00:00\" \/>\n<meta property=\"og:image\" content=\"https:\/\/rofaalton.ao\/wp-content\/uploads\/2024\/04\/2-e1713711567490.webp\" \/>\n\t<meta property=\"og:image:width\" content=\"400\" \/>\n\t<meta property=\"og:image:height\" content=\"375\" \/>\n\t<meta property=\"og:image:type\" content=\"image\/webp\" \/>\n<meta name=\"twitter:card\" content=\"summary_large_image\" \/>\n<meta name=\"twitter:label1\" content=\"Est. reading time\" \/>\n\t<meta name=\"twitter:data1\" content=\"1 minute\" \/>\n<script type=\"application\/ld+json\" class=\"yoast-schema-graph\">{\"@context\":\"https:\/\/schema.org\",\"@graph\":[{\"@type\":[\"Article\",\"SocialMediaPosting\"],\"@id\":\"https:\/\/rofaalton.ao\/carreiras\/#article\",\"isPartOf\":{\"@id\":\"https:\/\/rofaalton.ao\/carreiras\/\"},\"author\":{\"name\":\"pirata\",\"@id\":\"https:\/\/rofaalton.ao\/#\/schema\/person\/2e6563a08bbdfded46c38cba6baf5ef9\"},\"headline\":\"CARREIRAS\",\"datePublished\":\"2019-12-04T13:09:56+00:00\",\"dateModified\":\"2025-11-19T14:23:22+00:00\",\"mainEntityOfPage\":{\"@id\":\"https:\/\/rofaalton.ao\/carreiras\/\"},\"wordCount\":37,\"commentCount\":0,\"publisher\":{\"@id\":\"https:\/\/rofaalton.ao\/#organization\"},\"inLanguage\":\"en-US\",\"potentialAction\":[{\"@type\":\"CommentAction\",\"name\":\"Comment\",\"target\":[\"https:\/\/rofaalton.ao\/carreiras\/#respond\"]}]},{\"@type\":\"WebPage\",\"@id\":\"https:\/\/rofaalton.ao\/carreiras\/\",\"url\":\"https:\/\/rofaalton.ao\/carreiras\/\",\"name\":\"CARREIRAS - Rofaalton\",\"isPartOf\":{\"@id\":\"https:\/\/rofaalton.ao\/#website\"},\"datePublished\":\"2019-12-04T13:09:56+00:00\",\"dateModified\":\"2025-11-19T14:23:22+00:00\",\"description\":\"Agencia de seguran\u00e7a rofaalton\",\"breadcrumb\":{\"@id\":\"https:\/\/rofaalton.ao\/carreiras\/#breadcrumb\"},\"inLanguage\":\"en-US\",\"potentialAction\":[{\"@type\":\"ReadAction\",\"target\":[\"https:\/\/rofaalton.ao\/carreiras\/\"]}]},{\"@type\":\"BreadcrumbList\",\"@id\":\"https:\/\/rofaalton.ao\/carreiras\/#breadcrumb\",\"itemListElement\":[{\"@type\":\"ListItem\",\"position\":1,\"name\":\"In\u00edcio\",\"item\":\"https:\/\/rofaalton.ao\/\"},{\"@type\":\"ListItem\",\"position\":2,\"name\":\"CARREIRAS\"}]},{\"@type\":\"WebSite\",\"@id\":\"https:\/\/rofaalton.ao\/#website\",\"url\":\"https:\/\/rofaalton.ao\/\",\"name\":\"rofaalton ag\u00eancia de seguran\u00e7a\",\"description\":\"Ag\u00eancia de Seguran\u00e7a\",\"publisher\":{\"@id\":\"https:\/\/rofaalton.ao\/#organization\"},\"alternateName\":\"rofaalton ag\u00eancia de seguran\u00e7a\",\"potentialAction\":[{\"@type\":\"SearchAction\",\"target\":{\"@type\":\"EntryPoint\",\"urlTemplate\":\"https:\/\/rofaalton.ao\/?s={search_term_string}\"},\"query-input\":{\"@type\":\"PropertyValueSpecification\",\"valueRequired\":true,\"valueName\":\"search_term_string\"}}],\"inLanguage\":\"en-US\"},{\"@type\":\"Organization\",\"@id\":\"https:\/\/rofaalton.ao\/#organization\",\"name\":\"rofaalton ag\u00eancia de seguran\u00e7a\",\"alternateName\":\"rofaalton ag\u00eancia de seguran\u00e7a\",\"url\":\"https:\/\/rofaalton.ao\/\",\"logo\":{\"@type\":\"ImageObject\",\"inLanguage\":\"en-US\",\"@id\":\"https:\/\/rofaalton.ao\/#\/schema\/logo\/image\/\",\"url\":\"https:\/\/rofaalton.ao\/wp-content\/uploads\/2024\/04\/2-e1713711567490.webp\",\"contentUrl\":\"https:\/\/rofaalton.ao\/wp-content\/uploads\/2024\/04\/2-e1713711567490.webp\",\"width\":400,\"height\":375,\"caption\":\"rofaalton ag\u00eancia de seguran\u00e7a\"},\"image\":{\"@id\":\"https:\/\/rofaalton.ao\/#\/schema\/logo\/image\/\"},\"sameAs\":[\"https:\/\/www.facebook.com\/profile.php?id=61558823670247&mibextid=LQQJ4d\",\"https:\/\/www.instagram.com\/rofaalton_security\"],\"email\":\"geral@rofaalton.ao\",\"telephone\":\"+244 947 502 069\",\"publishingPrinciples\":\"https:\/\/rofaalton.ao\/\",\"ownershipFundingInfo\":\"https:\/\/rofaalton.ao\/sobre-nos\/\",\"actionableFeedbackPolicy\":\"https:\/\/rofaalton.ao\/contactos\/\",\"correctionsPolicy\":\"https:\/\/rofaalton.ao\/contactos\/\",\"ethicsPolicy\":\"https:\/\/rofaalton.ao\/carreiras\/\",\"diversityStaffingReport\":\"https:\/\/rofaalton.ao\/sobre-nos\/\"},{\"@type\":\"Person\",\"@id\":\"https:\/\/rofaalton.ao\/#\/schema\/person\/2e6563a08bbdfded46c38cba6baf5ef9\",\"name\":\"pirata\",\"image\":{\"@type\":\"ImageObject\",\"inLanguage\":\"en-US\",\"@id\":\"https:\/\/rofaalton.ao\/#\/schema\/person\/image\/\",\"url\":\"https:\/\/secure.gravatar.com\/avatar\/0cea53b343fa647d8bf68f6c0582963d611415e8ec030e5441d954665ddb3021?s=96&d=mm&r=g\",\"contentUrl\":\"https:\/\/secure.gravatar.com\/avatar\/0cea53b343fa647d8bf68f6c0582963d611415e8ec030e5441d954665ddb3021?s=96&d=mm&r=g\",\"caption\":\"pirata\"},\"sameAs\":[\"https:\/\/rofaalton.ao\"],\"url\":\"https:\/\/rofaalton.ao\/en\/author\/pirata\/\"}]}<\/script>\n<!-- \/ Yoast SEO Premium plugin. -->","yoast_head_json":{"title":"CARREIRAS - Rofaalton","description":"Agencia de seguran\u00e7a rofaalton","robots":{"index":"index","follow":"follow","max-snippet":"max-snippet:-1","max-image-preview":"max-image-preview:large","max-video-preview":"max-video-preview:-1"},"canonical":"https:\/\/rofaalton.ao\/en\/carreiras\/","og_locale":"en_US","og_type":"article","og_title":"CARREIRAS Agencia de seguran\u00e7a rofaalton","og_description":"Agencia de seguran\u00e7a rofaalton","og_url":"https:\/\/rofaalton.ao\/en\/carreiras\/","og_site_name":"Rofaalton","article_publisher":"https:\/\/www.facebook.com\/profile.php?id=61558823670247&mibextid=LQQJ4d","article_modified_time":"2025-11-19T14:23:22+00:00","og_image":[{"width":400,"height":375,"url":"https:\/\/rofaalton.ao\/wp-content\/uploads\/2024\/04\/2-e1713711567490.webp","type":"image\/webp"}],"twitter_card":"summary_large_image","twitter_misc":{"Est. reading time":"1 minute"},"schema":{"@context":"https:\/\/schema.org","@graph":[{"@type":["Article","SocialMediaPosting"],"@id":"https:\/\/rofaalton.ao\/carreiras\/#article","isPartOf":{"@id":"https:\/\/rofaalton.ao\/carreiras\/"},"author":{"name":"pirata","@id":"https:\/\/rofaalton.ao\/#\/schema\/person\/2e6563a08bbdfded46c38cba6baf5ef9"},"headline":"CARREIRAS","datePublished":"2019-12-04T13:09:56+00:00","dateModified":"2025-11-19T14:23:22+00:00","mainEntityOfPage":{"@id":"https:\/\/rofaalton.ao\/carreiras\/"},"wordCount":37,"commentCount":0,"publisher":{"@id":"https:\/\/rofaalton.ao\/#organization"},"inLanguage":"en-US","potentialAction":[{"@type":"CommentAction","name":"Comment","target":["https:\/\/rofaalton.ao\/carreiras\/#respond"]}]},{"@type":"WebPage","@id":"https:\/\/rofaalton.ao\/carreiras\/","url":"https:\/\/rofaalton.ao\/carreiras\/","name":"CARREIRAS - Rofaalton","isPartOf":{"@id":"https:\/\/rofaalton.ao\/#website"},"datePublished":"2019-12-04T13:09:56+00:00","dateModified":"2025-11-19T14:23:22+00:00","description":"Agencia de seguran\u00e7a rofaalton","breadcrumb":{"@id":"https:\/\/rofaalton.ao\/carreiras\/#breadcrumb"},"inLanguage":"en-US","potentialAction":[{"@type":"ReadAction","target":["https:\/\/rofaalton.ao\/carreiras\/"]}]},{"@type":"BreadcrumbList","@id":"https:\/\/rofaalton.ao\/carreiras\/#breadcrumb","itemListElement":[{"@type":"ListItem","position":1,"name":"In\u00edcio","item":"https:\/\/rofaalton.ao\/"},{"@type":"ListItem","position":2,"name":"CARREIRAS"}]},{"@type":"WebSite","@id":"https:\/\/rofaalton.ao\/#website","url":"https:\/\/rofaalton.ao\/","name":"rofaalton ag\u00eancia de seguran\u00e7a","description":"Ag\u00eancia de Seguran\u00e7a","publisher":{"@id":"https:\/\/rofaalton.ao\/#organization"},"alternateName":"rofaalton ag\u00eancia de seguran\u00e7a","potentialAction":[{"@type":"SearchAction","target":{"@type":"EntryPoint","urlTemplate":"https:\/\/rofaalton.ao\/?s={search_term_string}"},"query-input":{"@type":"PropertyValueSpecification","valueRequired":true,"valueName":"search_term_string"}}],"inLanguage":"en-US"},{"@type":"Organization","@id":"https:\/\/rofaalton.ao\/#organization","name":"rofaalton ag\u00eancia de seguran\u00e7a","alternateName":"rofaalton ag\u00eancia de seguran\u00e7a","url":"https:\/\/rofaalton.ao\/","logo":{"@type":"ImageObject","inLanguage":"en-US","@id":"https:\/\/rofaalton.ao\/#\/schema\/logo\/image\/","url":"https:\/\/rofaalton.ao\/wp-content\/uploads\/2024\/04\/2-e1713711567490.webp","contentUrl":"https:\/\/rofaalton.ao\/wp-content\/uploads\/2024\/04\/2-e1713711567490.webp","width":400,"height":375,"caption":"rofaalton ag\u00eancia de seguran\u00e7a"},"image":{"@id":"https:\/\/rofaalton.ao\/#\/schema\/logo\/image\/"},"sameAs":["https:\/\/www.facebook.com\/profile.php?id=61558823670247&mibextid=LQQJ4d","https:\/\/www.instagram.com\/rofaalton_security"],"email":"geral@rofaalton.ao","telephone":"+244 947 502 069","publishingPrinciples":"https:\/\/rofaalton.ao\/","ownershipFundingInfo":"https:\/\/rofaalton.ao\/sobre-nos\/","actionableFeedbackPolicy":"https:\/\/rofaalton.ao\/contactos\/","correctionsPolicy":"https:\/\/rofaalton.ao\/contactos\/","ethicsPolicy":"https:\/\/rofaalton.ao\/carreiras\/","diversityStaffingReport":"https:\/\/rofaalton.ao\/sobre-nos\/"},{"@type":"Person","@id":"https:\/\/rofaalton.ao\/#\/schema\/person\/2e6563a08bbdfded46c38cba6baf5ef9","name":"pirata","image":{"@type":"ImageObject","inLanguage":"en-US","@id":"https:\/\/rofaalton.ao\/#\/schema\/person\/image\/","url":"https:\/\/secure.gravatar.com\/avatar\/0cea53b343fa647d8bf68f6c0582963d611415e8ec030e5441d954665ddb3021?s=96&d=mm&r=g","contentUrl":"https:\/\/secure.gravatar.com\/avatar\/0cea53b343fa647d8bf68f6c0582963d611415e8ec030e5441d954665ddb3021?s=96&d=mm&r=g","caption":"pirata"},"sameAs":["https:\/\/rofaalton.ao"],"url":"https:\/\/rofaalton.ao\/en\/author\/pirata\/"}]}},"_links":{"self":[{"href":"https:\/\/rofaalton.ao\/en\/wp-json\/wp\/v2\/pages\/73","targetHints":{"allow":["GET"]}}],"collection":[{"href":"https:\/\/rofaalton.ao\/en\/wp-json\/wp\/v2\/pages"}],"about":[{"href":"https:\/\/rofaalton.ao\/en\/wp-json\/wp\/v2\/types\/page"}],"author":[{"embeddable":true,"href":"https:\/\/rofaalton.ao\/en\/wp-json\/wp\/v2\/users\/1"}],"replies":[{"embeddable":true,"href":"https:\/\/rofaalton.ao\/en\/wp-json\/wp\/v2\/comments?post=73"}],"version-history":[{"count":36,"href":"https:\/\/rofaalton.ao\/en\/wp-json\/wp\/v2\/pages\/73\/revisions"}],"predecessor-version":[{"id":8651,"href":"https:\/\/rofaalton.ao\/en\/wp-json\/wp\/v2\/pages\/73\/revisions\/8651"}],"wp:attachment":[{"href":"https:\/\/rofaalton.ao\/en\/wp-json\/wp\/v2\/media?parent=73"}],"curies":[{"name":"wp","href":"https:\/\/api.w.org\/{rel}","templated":true}]}}