{"id":16,"date":"2019-12-04T13:10:15","date_gmt":"2019-12-04T13:10:15","guid":{"rendered":"https:\/\/themes.muffingroup.com\/be\/security3\/?page_id=16"},"modified":"2025-11-27T20:42:35","modified_gmt":"2025-11-27T20:42:35","slug":"contactos","status":"publish","type":"page","link":"https:\/\/rofaalton.ao\/en\/contactos\/","title":{"rendered":"CONTACTS"},"content":{"rendered":"<div data-elementor-type=\"wp-page\" data-elementor-id=\"16\" class=\"elementor elementor-16\" data-elementor-post-type=\"page\">\n\t\t\t\t<div class=\"elementor-element elementor-element-558e57a e-flex e-con-boxed e-con e-parent\" data-id=\"558e57a\" data-element_type=\"container\" data-settings=\"{&quot;background_background&quot;:&quot;classic&quot;}\">\n\t\t\t\t\t<div class=\"e-con-inner\">\n\t\t\t\t<div class=\"elementor-element elementor-element-8cc2b38 elementor-widget elementor-widget-heading\" data-id=\"8cc2b38\" data-element_type=\"widget\" data-widget_type=\"heading.default\">\n\t\t\t\t\t<h2 class=\"elementor-heading-title elementor-size-default\">Contact<\/h2>\t\t\t\t<\/div>\n\t\t\t\t\t<\/div>\n\t\t\t\t<\/div>\n\t\t<div class=\"elementor-element elementor-element-f21f2bd e-flex e-con-boxed e-con e-parent\" data-id=\"f21f2bd\" data-element_type=\"container\" data-settings=\"{&quot;background_background&quot;:&quot;classic&quot;}\">\n\t\t\t\t\t<div class=\"e-con-inner\">\n\t\t\t\t<div class=\"elementor-element elementor-element-6f1cff9 elementor-icon-list--layout-inline elementor-align-start elementor-list-item-link-full_width elementor-widget elementor-widget-icon-list\" data-id=\"6f1cff9\" data-element_type=\"widget\" data-widget_type=\"icon-list.default\">\n\t\t\t\t\t\t\t<ul class=\"elementor-icon-list-items elementor-inline-items\">\n\t\t\t\t\t\t\t<li class=\"elementor-icon-list-item elementor-inline-item\">\n\t\t\t\t\t\t\t\t\t\t\t<a href=\"https:\/\/rofaalton.ao\/en\/\">\n\n\t\t\t\t\t\t\t\t\t\t\t<span class=\"elementor-icon-list-text\">Home |<\/span>\n\t\t\t\t\t\t\t\t\t\t\t<\/a>\n\t\t\t\t\t\t\t\t\t<\/li>\n\t\t\t\t\t\t\t\t<li class=\"elementor-icon-list-item elementor-inline-item\">\n\t\t\t\t\t\t\t\t\t\t<span class=\"elementor-icon-list-text\">Contact<\/span>\n\t\t\t\t\t\t\t\t\t<\/li>\n\t\t\t\t\t\t<\/ul>\n\t\t\t\t\t\t<\/div>\n\t\t\t\t\t<\/div>\n\t\t\t\t<\/div>\n\t\t<div class=\"elementor-element elementor-element-8a5c6ff e-flex e-con-boxed e-con e-parent\" data-id=\"8a5c6ff\" data-element_type=\"container\" data-settings=\"{&quot;background_background&quot;:&quot;classic&quot;}\">\n\t\t\t\t\t<div class=\"e-con-inner\">\n\t\t\t\t<div class=\"elementor-element elementor-element-1320b96 animated-slow elementor-invisible elementor-widget elementor-widget-heading\" data-id=\"1320b96\" data-element_type=\"widget\" data-settings=\"{&quot;_animation&quot;:&quot;fadeIn&quot;}\" data-widget_type=\"heading.default\">\n\t\t\t\t\t<h2 class=\"elementor-heading-title elementor-size-default\">Get in touch with our team.<\/h2>\t\t\t\t<\/div>\n\t\t\t\t<div class=\"elementor-element elementor-element-ce4c62a animated-slow elementor-invisible elementor-widget elementor-widget-heading\" data-id=\"ce4c62a\" data-element_type=\"widget\" data-settings=\"{&quot;_animation&quot;:&quot;fadeIn&quot;}\" data-widget_type=\"heading.default\">\n\t\t\t\t\t<h2 class=\"elementor-heading-title elementor-size-default\">We are here to help protect your business.<\/h2>\t\t\t\t<\/div>\n\t\t\t\t<div class=\"elementor-element elementor-element-49b7b22 animated-slow elementor-invisible elementor-widget elementor-widget-heading\" data-id=\"49b7b22\" data-element_type=\"widget\" id=\"contacto\" data-settings=\"{&quot;_animation&quot;:&quot;fadeIn&quot;}\" data-widget_type=\"heading.default\">\n\t\t\t\t\t<h2 class=\"elementor-heading-title elementor-size-default\">Our team of security experts is ready to meet your needs. If you have questions, need support, or would like to discuss customized solutions, contact us today. We are dedicated to ensuring the security and protection of your business in every aspect.<\/h2>\t\t\t\t<\/div>\n\t\t\t\t\t<\/div>\n\t\t\t\t<\/div>\n\t\t<div class=\"elementor-element elementor-element-917495f e-flex e-con-boxed e-con e-parent\" data-id=\"917495f\" data-element_type=\"container\">\n\t\t\t\t\t<div class=\"e-con-inner\">\n\t\t\t\t<div class=\"elementor-element elementor-element-faea7a1 elementor-widget elementor-widget-tp-plus-form\" data-id=\"faea7a1\" data-element_type=\"widget\" data-widget_type=\"tp-plus-form.default\">\n\t\t\t\t\t<div class=\"tpae-form-container\" data-formdata=\"{&quot;form_id&quot;:&quot;tpae-form-main&quot;,&quot;Required_mask&quot;:&quot;show-asterisks&quot;,&quot;invalid_form&quot;:&quot;Formul\\u00e1rio inv\\u00e1lido! Por favor, verifique novamente.&quot;,&quot;required_fields&quot;:&quot;Este campo \\u00e9 obrigat\\u00f3rio.&quot;,&quot;form_error&quot;:&quot;Ocorreu um erro ao enviar o formul\\u00e1rio.&quot;,&quot;success_message&quot;:&quot;Formul\\u00e1rio enviado com sucesso.&quot;,&quot;server_error&quot;:&quot;Ocorreu um erro no servidor.&quot;}\" data-emaildata=\"&quot;Ykc4bjBhRHFPa1lDQmdHd1UrR1daeGpCWWUycEdHWUw0WEdvVE9waWNoUmJEWENCT1UyV1NEMU9CekNucEFZWWw5WG9QemgyamQ3RGJBQ2JDZDk3MDZZYnJxaVhTNW1JR3M0S2dNNjF3MWt3aGNnNXhha0VlVHpKQmJSNkRPejZlRW9OTmRDampSdUtadWlhMWhLZDNibDZ1YzNaODRtTHRlbnRXd1hXbTI1VmFObGVPdTBKTWxCUzViQ2dJOHVHMVd4cFloSk85MVVjWDZ6Zy9jV2FXeXp2K1BHU3ZOMVRKVjhwRkZjYzZjalhhVEQ2ZTRSR245ekpCVXRBU21vUlFZN3drenlRbGZLRGRnVnkvTWFLTGpDdXFQOGFRaVVuZkhtUkt5d2orQmRvY3NnRjloUmZ5L3FOZ0F3ZUxoSVZaamVldXg1ODBmbGxpSjJ5YUpORHpWcjZJMHhTV05HSVUrcE1ST3U0MHQ1UkJ5Q2o0clJmTXdNUStCTVk0dGxXMnVIMU1xeEl3Vm5HYlZoMGJUTkxreXZ1cHBZc2hpK1ZXREZvREVEZTJPWT0=&quot;\" ><style> .elementor-element-faea7a1 .tpae-form-submit-container{ width:100%!important } <\/style><form id=\"tpae-form-main\" class=\"tpae-form\" method=\"post\" action=\"\"><div class=\"tpae-form-field\" data-width=\"\" data-tablet-width=\"\" data-mobile-width=\"100\"> <label for=\"form_fields[first_name]\" class=\"tpae-form-label\">Name <span class=\"tpae-required-asterisk\">*<\/span><\/label><input type=\"text\" name=\"first_name\" id=\"first_name\" placeholder=\"\" required class=\"medium\" value=\"\" aria-description=\"\"\/><span class=\"tpae-help-text\"><\/span><\/div><div class=\"tpae-form-field\" data-width=\"\" data-tablet-width=\"\" data-mobile-width=\"100\"> <label for=\"form_fields[last_name]\" class=\"tpae-form-label\">Surname<\/label><input type=\"text\" name=\"last_name\" id=\"last_name\" placeholder=\"\"  class=\"medium\" value=\"\" aria-description=\"\"\/><span class=\"tpae-help-text\"><\/span><\/div><div class=\"tpae-form-field\" data-width=\"\" data-tablet-width=\"\" data-mobile-width=\"\"> <label for=\"form_fields[email]\" class=\"tpae-form-label\">Email <span class=\"tpae-required-asterisk\">*<\/span><\/label><input type=\"email\" name=\"email\" id=\"email\" placeholder=\"\" required class=\"medium\" value=\"\" aria-description=\"\"\/><span class=\"tpae-help-text\"><\/span><\/div><div class=\"tpae-form-field\" data-width=\"\" data-tablet-width=\"\" data-mobile-width=\"\"> <label for=\"form_fields[mobile_number]\" class=\"tpae-form-label\">Telephone <span class=\"tpae-required-asterisk\">*<\/span><\/label><input type=\"number\" name=\"mobile_number\" id=\"mobile_number\" placeholder=\"\" required class=\"medium\" value=\"\" aria-description=\"\"\/><span class=\"tpae-help-text\"><\/span><\/div><div class=\"tpae-form-field\" data-width=\"\" data-tablet-width=\"\" data-mobile-width=\"\"> <label for=\"form_fields[subject]\" class=\"tpae-form-label\">Service <span class=\"tpae-required-asterisk\">*<\/span><\/label><select name=\"subject\" id=\"subject\" class=\"medium\" required><option value=\"Seguran\u00e7a Electr\u00f3nica CCTV\">Electronic Security CCTV<\/option><option value=\"Seguran\u00e7a Patrimonial\">Property Security<\/option><option value=\"Higiene e Seguran\u00e7a no Trabalho\">Occupational Health and Safety<\/option><option value=\"Servi\u00e7o de Seguran\u00e7a Interna\">Internal Security Service<\/option><option value=\"Servi\u00e7o de Escolta e Auto\">Servi\u00e7o de Escolta e Auto<\/option><option value=\"Asseguramento de eventos\">Event assurance<\/option><\/select><\/div><div class=\"tpae-form-field\" data-width=\"\" data-tablet-width=\"\" data-mobile-width=\"\"> <label for=\"form_fields[message]\" class=\"tpae-form-label\">Message<\/label><textarea name=\"message\" rows=\"4\" id=\"message\" placeholder=\"\"  class=\"medium\"aria-description=\"\"><\/textarea><\/div><div class=\"tpae-form-submit-container\"><button id=\"tpae-form-button\" type=\"submit\" class=\"tpae-form-submit tpae-form-button tpae-icon-after\"><span class=\"tpae-button-text\">To send  <\/span><span class=\"tpae-button-loader\" style=\"display:none;\"><span class=\"tpae-spinner\"><\/span><\/span><\/button><\/div><input type=\"hidden\" name=\"trp-form-language\" value=\"en\"\/><\/form><\/div>\t\t\t\t<\/div>\n\t\t\t\t\t<\/div>\n\t\t\t\t<\/div>\n\t\t\t\t<\/div>","protected":false},"excerpt":{"rendered":"<p>Contacto Home | Contacto Entre em contacto com a nossa equipa Estamos aqui para ajudar a proteger o seu neg\u00f3cio. A nossa equipa de especialistas em seguran\u00e7a est\u00e1 pronta para atender \u00e0s suas necessidades. Se tiver perguntas, precisar de suporte ou quiser discutir solu\u00e7\u00f5es personalizadas, entre em contacto connosco hoje mesmo. Estamos dedicados a garantir [&hellip;]<\/p>","protected":false},"author":1,"featured_media":0,"parent":0,"menu_order":0,"comment_status":"open","ping_status":"closed","template":"elementor_header_footer","meta":{"footnotes":""},"class_list":["post-16","page","type-page","status-publish","hentry"],"yoast_head":"<!-- This site is optimized with the Yoast SEO Premium plugin v22.5 (Yoast SEO v26.4) - https:\/\/yoast.com\/wordpress\/plugins\/seo\/ -->\n<title>CONTACTOS - Rofaalton<\/title>\n<meta name=\"description\" content=\"Agencia de seguran\u00e7a rofaalton\" \/>\n<meta name=\"robots\" content=\"index, follow, max-snippet:-1, max-image-preview:large, max-video-preview:-1\" \/>\n<link rel=\"canonical\" href=\"https:\/\/rofaalton.ao\/en\/contactos\/\" \/>\n<meta property=\"og:locale\" content=\"en_US\" \/>\n<meta property=\"og:type\" content=\"article\" \/>\n<meta property=\"og:title\" content=\"CONTACTOS Agencia de seguran\u00e7a rofaalton\" \/>\n<meta property=\"og:description\" content=\"Agencia de seguran\u00e7a rofaalton\" \/>\n<meta property=\"og:url\" content=\"https:\/\/rofaalton.ao\/en\/contactos\/\" \/>\n<meta property=\"og:site_name\" content=\"Rofaalton\" \/>\n<meta property=\"article:publisher\" content=\"https:\/\/www.facebook.com\/profile.php?id=61558823670247&amp;mibextid=LQQJ4d\" \/>\n<meta property=\"article:modified_time\" content=\"2025-11-27T20:42:35+00:00\" \/>\n<meta property=\"og:image\" content=\"https:\/\/rofaalton.ao\/wp-content\/uploads\/2024\/04\/2-e1713711567490.webp\" \/>\n\t<meta property=\"og:image:width\" content=\"400\" \/>\n\t<meta property=\"og:image:height\" content=\"375\" \/>\n\t<meta property=\"og:image:type\" content=\"image\/webp\" \/>\n<meta name=\"twitter:card\" content=\"summary_large_image\" \/>\n<meta name=\"twitter:label1\" content=\"Est. reading time\" \/>\n\t<meta name=\"twitter:data1\" content=\"1 minute\" \/>\n<script type=\"application\/ld+json\" class=\"yoast-schema-graph\">{\"@context\":\"https:\/\/schema.org\",\"@graph\":[{\"@type\":[\"Article\",\"SocialMediaPosting\"],\"@id\":\"https:\/\/rofaalton.ao\/contactos\/#article\",\"isPartOf\":{\"@id\":\"https:\/\/rofaalton.ao\/contactos\/\"},\"author\":{\"name\":\"pirata\",\"@id\":\"https:\/\/rofaalton.ao\/#\/schema\/person\/2e6563a08bbdfded46c38cba6baf5ef9\"},\"headline\":\"CONTACTOS\",\"datePublished\":\"2019-12-04T13:10:15+00:00\",\"dateModified\":\"2025-11-27T20:42:35+00:00\",\"mainEntityOfPage\":{\"@id\":\"https:\/\/rofaalton.ao\/contactos\/\"},\"wordCount\":111,\"commentCount\":0,\"publisher\":{\"@id\":\"https:\/\/rofaalton.ao\/#organization\"},\"inLanguage\":\"en-US\",\"potentialAction\":[{\"@type\":\"CommentAction\",\"name\":\"Comment\",\"target\":[\"https:\/\/rofaalton.ao\/contactos\/#respond\"]}]},{\"@type\":\"WebPage\",\"@id\":\"https:\/\/rofaalton.ao\/contactos\/\",\"url\":\"https:\/\/rofaalton.ao\/contactos\/\",\"name\":\"CONTACTOS - Rofaalton\",\"isPartOf\":{\"@id\":\"https:\/\/rofaalton.ao\/#website\"},\"datePublished\":\"2019-12-04T13:10:15+00:00\",\"dateModified\":\"2025-11-27T20:42:35+00:00\",\"description\":\"Agencia de seguran\u00e7a rofaalton\",\"breadcrumb\":{\"@id\":\"https:\/\/rofaalton.ao\/contactos\/#breadcrumb\"},\"inLanguage\":\"en-US\",\"potentialAction\":[{\"@type\":\"ReadAction\",\"target\":[\"https:\/\/rofaalton.ao\/contactos\/\"]}]},{\"@type\":\"BreadcrumbList\",\"@id\":\"https:\/\/rofaalton.ao\/contactos\/#breadcrumb\",\"itemListElement\":[{\"@type\":\"ListItem\",\"position\":1,\"name\":\"In\u00edcio\",\"item\":\"https:\/\/rofaalton.ao\/\"},{\"@type\":\"ListItem\",\"position\":2,\"name\":\"CONTACTOS\"}]},{\"@type\":\"WebSite\",\"@id\":\"https:\/\/rofaalton.ao\/#website\",\"url\":\"https:\/\/rofaalton.ao\/\",\"name\":\"rofaalton ag\u00eancia de seguran\u00e7a\",\"description\":\"Ag\u00eancia de Seguran\u00e7a\",\"publisher\":{\"@id\":\"https:\/\/rofaalton.ao\/#organization\"},\"alternateName\":\"rofaalton ag\u00eancia de seguran\u00e7a\",\"potentialAction\":[{\"@type\":\"SearchAction\",\"target\":{\"@type\":\"EntryPoint\",\"urlTemplate\":\"https:\/\/rofaalton.ao\/?s={search_term_string}\"},\"query-input\":{\"@type\":\"PropertyValueSpecification\",\"valueRequired\":true,\"valueName\":\"search_term_string\"}}],\"inLanguage\":\"en-US\"},{\"@type\":\"Organization\",\"@id\":\"https:\/\/rofaalton.ao\/#organization\",\"name\":\"rofaalton ag\u00eancia de seguran\u00e7a\",\"alternateName\":\"rofaalton ag\u00eancia de seguran\u00e7a\",\"url\":\"https:\/\/rofaalton.ao\/\",\"logo\":{\"@type\":\"ImageObject\",\"inLanguage\":\"en-US\",\"@id\":\"https:\/\/rofaalton.ao\/#\/schema\/logo\/image\/\",\"url\":\"https:\/\/rofaalton.ao\/wp-content\/uploads\/2024\/04\/2-e1713711567490.webp\",\"contentUrl\":\"https:\/\/rofaalton.ao\/wp-content\/uploads\/2024\/04\/2-e1713711567490.webp\",\"width\":400,\"height\":375,\"caption\":\"rofaalton ag\u00eancia de seguran\u00e7a\"},\"image\":{\"@id\":\"https:\/\/rofaalton.ao\/#\/schema\/logo\/image\/\"},\"sameAs\":[\"https:\/\/www.facebook.com\/profile.php?id=61558823670247&mibextid=LQQJ4d\",\"https:\/\/www.instagram.com\/rofaalton_security\"],\"email\":\"geral@rofaalton.ao\",\"telephone\":\"+244 947 502 069\",\"publishingPrinciples\":\"https:\/\/rofaalton.ao\/\",\"ownershipFundingInfo\":\"https:\/\/rofaalton.ao\/sobre-nos\/\",\"actionableFeedbackPolicy\":\"https:\/\/rofaalton.ao\/contactos\/\",\"correctionsPolicy\":\"https:\/\/rofaalton.ao\/contactos\/\",\"ethicsPolicy\":\"https:\/\/rofaalton.ao\/carreiras\/\",\"diversityStaffingReport\":\"https:\/\/rofaalton.ao\/sobre-nos\/\"},{\"@type\":\"Person\",\"@id\":\"https:\/\/rofaalton.ao\/#\/schema\/person\/2e6563a08bbdfded46c38cba6baf5ef9\",\"name\":\"pirata\",\"image\":{\"@type\":\"ImageObject\",\"inLanguage\":\"en-US\",\"@id\":\"https:\/\/rofaalton.ao\/#\/schema\/person\/image\/\",\"url\":\"https:\/\/secure.gravatar.com\/avatar\/0cea53b343fa647d8bf68f6c0582963d611415e8ec030e5441d954665ddb3021?s=96&d=mm&r=g\",\"contentUrl\":\"https:\/\/secure.gravatar.com\/avatar\/0cea53b343fa647d8bf68f6c0582963d611415e8ec030e5441d954665ddb3021?s=96&d=mm&r=g\",\"caption\":\"pirata\"},\"sameAs\":[\"https:\/\/rofaalton.ao\"],\"url\":\"https:\/\/rofaalton.ao\/en\/author\/pirata\/\"}]}<\/script>\n<!-- \/ Yoast SEO Premium plugin. -->","yoast_head_json":{"title":"CONTACTOS - Rofaalton","description":"Agencia de seguran\u00e7a rofaalton","robots":{"index":"index","follow":"follow","max-snippet":"max-snippet:-1","max-image-preview":"max-image-preview:large","max-video-preview":"max-video-preview:-1"},"canonical":"https:\/\/rofaalton.ao\/en\/contactos\/","og_locale":"en_US","og_type":"article","og_title":"CONTACTOS Agencia de seguran\u00e7a rofaalton","og_description":"Agencia de seguran\u00e7a rofaalton","og_url":"https:\/\/rofaalton.ao\/en\/contactos\/","og_site_name":"Rofaalton","article_publisher":"https:\/\/www.facebook.com\/profile.php?id=61558823670247&mibextid=LQQJ4d","article_modified_time":"2025-11-27T20:42:35+00:00","og_image":[{"width":400,"height":375,"url":"https:\/\/rofaalton.ao\/wp-content\/uploads\/2024\/04\/2-e1713711567490.webp","type":"image\/webp"}],"twitter_card":"summary_large_image","twitter_misc":{"Est. reading time":"1 minute"},"schema":{"@context":"https:\/\/schema.org","@graph":[{"@type":["Article","SocialMediaPosting"],"@id":"https:\/\/rofaalton.ao\/contactos\/#article","isPartOf":{"@id":"https:\/\/rofaalton.ao\/contactos\/"},"author":{"name":"pirata","@id":"https:\/\/rofaalton.ao\/#\/schema\/person\/2e6563a08bbdfded46c38cba6baf5ef9"},"headline":"CONTACTOS","datePublished":"2019-12-04T13:10:15+00:00","dateModified":"2025-11-27T20:42:35+00:00","mainEntityOfPage":{"@id":"https:\/\/rofaalton.ao\/contactos\/"},"wordCount":111,"commentCount":0,"publisher":{"@id":"https:\/\/rofaalton.ao\/#organization"},"inLanguage":"en-US","potentialAction":[{"@type":"CommentAction","name":"Comment","target":["https:\/\/rofaalton.ao\/contactos\/#respond"]}]},{"@type":"WebPage","@id":"https:\/\/rofaalton.ao\/contactos\/","url":"https:\/\/rofaalton.ao\/contactos\/","name":"CONTACTOS - Rofaalton","isPartOf":{"@id":"https:\/\/rofaalton.ao\/#website"},"datePublished":"2019-12-04T13:10:15+00:00","dateModified":"2025-11-27T20:42:35+00:00","description":"Agencia de seguran\u00e7a rofaalton","breadcrumb":{"@id":"https:\/\/rofaalton.ao\/contactos\/#breadcrumb"},"inLanguage":"en-US","potentialAction":[{"@type":"ReadAction","target":["https:\/\/rofaalton.ao\/contactos\/"]}]},{"@type":"BreadcrumbList","@id":"https:\/\/rofaalton.ao\/contactos\/#breadcrumb","itemListElement":[{"@type":"ListItem","position":1,"name":"In\u00edcio","item":"https:\/\/rofaalton.ao\/"},{"@type":"ListItem","position":2,"name":"CONTACTOS"}]},{"@type":"WebSite","@id":"https:\/\/rofaalton.ao\/#website","url":"https:\/\/rofaalton.ao\/","name":"rofaalton ag\u00eancia de seguran\u00e7a","description":"Ag\u00eancia de Seguran\u00e7a","publisher":{"@id":"https:\/\/rofaalton.ao\/#organization"},"alternateName":"rofaalton ag\u00eancia de seguran\u00e7a","potentialAction":[{"@type":"SearchAction","target":{"@type":"EntryPoint","urlTemplate":"https:\/\/rofaalton.ao\/?s={search_term_string}"},"query-input":{"@type":"PropertyValueSpecification","valueRequired":true,"valueName":"search_term_string"}}],"inLanguage":"en-US"},{"@type":"Organization","@id":"https:\/\/rofaalton.ao\/#organization","name":"rofaalton ag\u00eancia de seguran\u00e7a","alternateName":"rofaalton ag\u00eancia de seguran\u00e7a","url":"https:\/\/rofaalton.ao\/","logo":{"@type":"ImageObject","inLanguage":"en-US","@id":"https:\/\/rofaalton.ao\/#\/schema\/logo\/image\/","url":"https:\/\/rofaalton.ao\/wp-content\/uploads\/2024\/04\/2-e1713711567490.webp","contentUrl":"https:\/\/rofaalton.ao\/wp-content\/uploads\/2024\/04\/2-e1713711567490.webp","width":400,"height":375,"caption":"rofaalton ag\u00eancia de seguran\u00e7a"},"image":{"@id":"https:\/\/rofaalton.ao\/#\/schema\/logo\/image\/"},"sameAs":["https:\/\/www.facebook.com\/profile.php?id=61558823670247&mibextid=LQQJ4d","https:\/\/www.instagram.com\/rofaalton_security"],"email":"geral@rofaalton.ao","telephone":"+244 947 502 069","publishingPrinciples":"https:\/\/rofaalton.ao\/","ownershipFundingInfo":"https:\/\/rofaalton.ao\/sobre-nos\/","actionableFeedbackPolicy":"https:\/\/rofaalton.ao\/contactos\/","correctionsPolicy":"https:\/\/rofaalton.ao\/contactos\/","ethicsPolicy":"https:\/\/rofaalton.ao\/carreiras\/","diversityStaffingReport":"https:\/\/rofaalton.ao\/sobre-nos\/"},{"@type":"Person","@id":"https:\/\/rofaalton.ao\/#\/schema\/person\/2e6563a08bbdfded46c38cba6baf5ef9","name":"pirata","image":{"@type":"ImageObject","inLanguage":"en-US","@id":"https:\/\/rofaalton.ao\/#\/schema\/person\/image\/","url":"https:\/\/secure.gravatar.com\/avatar\/0cea53b343fa647d8bf68f6c0582963d611415e8ec030e5441d954665ddb3021?s=96&d=mm&r=g","contentUrl":"https:\/\/secure.gravatar.com\/avatar\/0cea53b343fa647d8bf68f6c0582963d611415e8ec030e5441d954665ddb3021?s=96&d=mm&r=g","caption":"pirata"},"sameAs":["https:\/\/rofaalton.ao"],"url":"https:\/\/rofaalton.ao\/en\/author\/pirata\/"}]}},"_links":{"self":[{"href":"https:\/\/rofaalton.ao\/en\/wp-json\/wp\/v2\/pages\/16","targetHints":{"allow":["GET"]}}],"collection":[{"href":"https:\/\/rofaalton.ao\/en\/wp-json\/wp\/v2\/pages"}],"about":[{"href":"https:\/\/rofaalton.ao\/en\/wp-json\/wp\/v2\/types\/page"}],"author":[{"embeddable":true,"href":"https:\/\/rofaalton.ao\/en\/wp-json\/wp\/v2\/users\/1"}],"replies":[{"embeddable":true,"href":"https:\/\/rofaalton.ao\/en\/wp-json\/wp\/v2\/comments?post=16"}],"version-history":[{"count":75,"href":"https:\/\/rofaalton.ao\/en\/wp-json\/wp\/v2\/pages\/16\/revisions"}],"predecessor-version":[{"id":8756,"href":"https:\/\/rofaalton.ao\/en\/wp-json\/wp\/v2\/pages\/16\/revisions\/8756"}],"wp:attachment":[{"href":"https:\/\/rofaalton.ao\/en\/wp-json\/wp\/v2\/media?parent=16"}],"curies":[{"name":"wp","href":"https:\/\/api.w.org\/{rel}","templated":true}]}}